{"id":16670,"date":"2025-04-26T14:01:37","date_gmt":"2025-04-26T14:01:37","guid":{"rendered":"https:\/\/legal-node.es\/?page_id=16670"},"modified":"2025-10-20T08:23:59","modified_gmt":"2025-10-20T08:23:59","slug":"politica-de-privacidad-y-cookies","status":"publish","type":"page","link":"https:\/\/legal-node.es\/en\/politica-de-privacidad-y-cookies\/","title":{"rendered":"Pol\u00edtica de privacidad y cookies"},"content":{"rendered":"<div data-elementor-type=\"wp-page\" data-elementor-id=\"16670\" class=\"elementor elementor-16670\">\n\t\t\t\t<div class=\"elementor-element elementor-element-55759d6 e-con-full e-flex wcf-starter-animations-none e-con e-parent\" data-id=\"55759d6\" data-element_type=\"container\" data-e-type=\"container\">\n\t\t<div class=\"elementor-element elementor-element-cf57f51 e-flex e-con-boxed wcf-starter-animations-none e-con e-child\" data-id=\"cf57f51\" data-element_type=\"container\" data-e-type=\"container\" data-settings=\"{&quot;background_background&quot;:&quot;classic&quot;}\">\n\t\t\t\t\t<div class=\"e-con-inner\">\n\t\t<div class=\"elementor-element elementor-element-7ac50d9 e-con-full e-flex wcf-starter-animations-none e-con e-child\" data-id=\"7ac50d9\" data-element_type=\"container\" data-e-type=\"container\">\n\t\t\t\t<\/div>\n\t\t<div class=\"elementor-element elementor-element-55890d6 e-con-full e-flex wcf-starter-animations-none e-con e-child\" data-id=\"55890d6\" data-element_type=\"container\" data-e-type=\"container\">\n\t\t\t\t<div class=\"elementor-element elementor-element-ef17d04 elementor-widget__width-initial elementor-widget-mobile__width-inherit wcf-starter-animations-none elementor-widget elementor-widget-wcf--title\" data-id=\"ef17d04\" data-element_type=\"widget\" data-e-type=\"widget\" data-settings=\"{&quot;wcf_starter_animations&quot;:&quot;none&quot;,&quot;wcf_anim_duration&quot;:1000,&quot;wcf_anim_delay&quot;:0,&quot;wcf_anim_ease&quot;:&quot;ease&quot;}\" data-widget_type=\"wcf--title.default\">\n\t\t\t\t<div class=\"elementor-widget-container\">\n\t\t\t\t\t<h1 class=\"wcf--title\">Pol\u00edtica de privacidad y cookies<\/h1>\t\t\t\t<\/div>\n\t\t\t\t<\/div>\n\t\t\t\t<\/div>\n\t\t\t\t\t<\/div>\n\t\t\t\t<\/div>\n\t\t<div class=\"elementor-element elementor-element-6ee6bba e-con-full e-flex wcf-starter-animations-none e-con e-child\" data-id=\"6ee6bba\" data-element_type=\"container\" data-e-type=\"container\" data-settings=\"{&quot;background_background&quot;:&quot;classic&quot;}\">\n\t\t\t\t<\/div>\n\t\t\t\t<\/div>\n\t\t<div class=\"elementor-element elementor-element-3fb6787 e-flex e-con-boxed wcf-starter-animations-none e-con e-parent\" data-id=\"3fb6787\" data-element_type=\"container\" data-e-type=\"container\">\n\t\t\t\t\t<div class=\"e-con-inner\">\n\t\t<div class=\"elementor-element elementor-element-c4e8668 e-con-full e-flex wcf-starter-animations-none e-con e-child\" data-id=\"c4e8668\" data-element_type=\"container\" data-e-type=\"container\">\n\t\t\t\t<\/div>\n\t\t\t\t\t<\/div>\n\t\t\t\t<\/div>\n\t\t<div class=\"elementor-element elementor-element-cb62eb3 e-flex e-con-boxed wcf-starter-animations-none e-con e-parent\" data-id=\"cb62eb3\" data-element_type=\"container\" data-e-type=\"container\">\n\t\t\t\t\t<div class=\"e-con-inner\">\n\t\t\t\t\t<\/div>\n\t\t\t\t<\/div>\n\t\t\t\t<\/div>","protected":false},"excerpt":{"rendered":"<p>Pol\u00edtica de privacidad y cookies<\/p>","protected":false},"author":1,"featured_media":0,"parent":0,"menu_order":0,"comment_status":"closed","ping_status":"closed","template":"elementor_header_footer","meta":{"footnotes":""},"class_list":["post-16670","page","type-page","status-publish","hentry"],"yoast_head":"<!-- This site is optimized with the Yoast SEO plugin v27.4 - https:\/\/yoast.com\/product\/yoast-seo-wordpress\/ -->\n<title>Seguridad digital operativa digital<\/title>\n<meta name=\"description\" content=\"Redactamos, revisamos e implementamos medidas que aumenten la seguridad en entornos digitales. DORA, IA, AML y RGPD.\" \/>\n<meta name=\"robots\" content=\"index, follow, max-snippet:-1, max-image-preview:large, max-video-preview:-1\" \/>\n<link rel=\"canonical\" href=\"https:\/\/legal-node.es\/en\/politica-de-privacidad-y-cookies\/\" \/>\n<meta property=\"og:locale\" content=\"en_US\" \/>\n<meta property=\"og:type\" content=\"article\" \/>\n<meta property=\"og:title\" content=\"Seguridad digital operativa digital\" \/>\n<meta property=\"og:description\" content=\"Redactamos, revisamos e implementamos medidas que aumenten la seguridad en entornos digitales. DORA, IA, AML y RGPD.\" \/>\n<meta property=\"og:url\" content=\"https:\/\/legal-node.es\/en\/politica-de-privacidad-y-cookies\/\" \/>\n<meta property=\"og:site_name\" content=\"legal-node.es\" \/>\n<meta property=\"article:modified_time\" content=\"2025-10-20T08:23:59+00:00\" \/>\n<meta name=\"twitter:card\" content=\"summary_large_image\" \/>\n<meta name=\"twitter:label1\" content=\"Est. reading time\" \/>\n\t<meta name=\"twitter:data1\" content=\"1 minute\" \/>\n<script type=\"application\/ld+json\" class=\"yoast-schema-graph\">{\"@context\":\"https:\\\/\\\/schema.org\",\"@graph\":[{\"@type\":\"WebPage\",\"@id\":\"https:\\\/\\\/legal-node.es\\\/en\\\/politica-de-privacidad-y-cookies\\\/\",\"url\":\"https:\\\/\\\/legal-node.es\\\/en\\\/politica-de-privacidad-y-cookies\\\/\",\"name\":\"Seguridad digital operativa digital\",\"isPartOf\":{\"@id\":\"https:\\\/\\\/legal-node.es\\\/es\\\/#website\"},\"datePublished\":\"2025-04-26T14:01:37+00:00\",\"dateModified\":\"2025-10-20T08:23:59+00:00\",\"description\":\"Redactamos, revisamos e implementamos medidas que aumenten la seguridad en entornos digitales. DORA, IA, AML y RGPD.\",\"breadcrumb\":{\"@id\":\"https:\\\/\\\/legal-node.es\\\/en\\\/politica-de-privacidad-y-cookies\\\/#breadcrumb\"},\"inLanguage\":\"en-US\",\"potentialAction\":[{\"@type\":\"ReadAction\",\"target\":[\"https:\\\/\\\/legal-node.es\\\/en\\\/politica-de-privacidad-y-cookies\\\/\"]}]},{\"@type\":\"BreadcrumbList\",\"@id\":\"https:\\\/\\\/legal-node.es\\\/en\\\/politica-de-privacidad-y-cookies\\\/#breadcrumb\",\"itemListElement\":[{\"@type\":\"ListItem\",\"position\":1,\"name\":\"Portada\",\"item\":\"https:\\\/\\\/legal-node.es\\\/\"},{\"@type\":\"ListItem\",\"position\":2,\"name\":\"Pol\u00edtica de privacidad y cookies\"}]},{\"@type\":\"WebSite\",\"@id\":\"https:\\\/\\\/legal-node.es\\\/es\\\/#website\",\"url\":\"https:\\\/\\\/legal-node.es\\\/es\\\/\",\"name\":\"legal-node.es\",\"description\":\"Legal Node es una empresa l\u00edder en asesor\u00eda en activos digitales y tokenizaci\u00f3n.\",\"potentialAction\":[{\"@type\":\"SearchAction\",\"target\":{\"@type\":\"EntryPoint\",\"urlTemplate\":\"https:\\\/\\\/legal-node.es\\\/es\\\/?s={search_term_string}\"},\"query-input\":{\"@type\":\"PropertyValueSpecification\",\"valueRequired\":true,\"valueName\":\"search_term_string\"}}],\"inLanguage\":\"en-US\"}]}<\/script>\n<!-- \/ Yoast SEO plugin. -->","yoast_head_json":{"title":"Seguridad digital operativa digital","description":"Redactamos, revisamos e implementamos medidas que aumenten la seguridad en entornos digitales. DORA, IA, AML y RGPD.","robots":{"index":"index","follow":"follow","max-snippet":"max-snippet:-1","max-image-preview":"max-image-preview:large","max-video-preview":"max-video-preview:-1"},"canonical":"https:\/\/legal-node.es\/en\/politica-de-privacidad-y-cookies\/","og_locale":"en_US","og_type":"article","og_title":"Seguridad digital operativa digital","og_description":"Redactamos, revisamos e implementamos medidas que aumenten la seguridad en entornos digitales. DORA, IA, AML y RGPD.","og_url":"https:\/\/legal-node.es\/en\/politica-de-privacidad-y-cookies\/","og_site_name":"legal-node.es","article_modified_time":"2025-10-20T08:23:59+00:00","twitter_card":"summary_large_image","twitter_misc":{"Est. reading time":"1 minute"},"schema":{"@context":"https:\/\/schema.org","@graph":[{"@type":"WebPage","@id":"https:\/\/legal-node.es\/en\/politica-de-privacidad-y-cookies\/","url":"https:\/\/legal-node.es\/en\/politica-de-privacidad-y-cookies\/","name":"Seguridad digital operativa digital","isPartOf":{"@id":"https:\/\/legal-node.es\/es\/#website"},"datePublished":"2025-04-26T14:01:37+00:00","dateModified":"2025-10-20T08:23:59+00:00","description":"Redactamos, revisamos e implementamos medidas que aumenten la seguridad en entornos digitales. DORA, IA, AML y RGPD.","breadcrumb":{"@id":"https:\/\/legal-node.es\/en\/politica-de-privacidad-y-cookies\/#breadcrumb"},"inLanguage":"en-US","potentialAction":[{"@type":"ReadAction","target":["https:\/\/legal-node.es\/en\/politica-de-privacidad-y-cookies\/"]}]},{"@type":"BreadcrumbList","@id":"https:\/\/legal-node.es\/en\/politica-de-privacidad-y-cookies\/#breadcrumb","itemListElement":[{"@type":"ListItem","position":1,"name":"Portada","item":"https:\/\/legal-node.es\/"},{"@type":"ListItem","position":2,"name":"Pol\u00edtica de privacidad y cookies"}]},{"@type":"WebSite","@id":"https:\/\/legal-node.es\/es\/#website","url":"https:\/\/legal-node.es\/es\/","name":"legal-node.es","description":"Legal Node is a leading company in advisory services for digital assets and tokenization","potentialAction":[{"@type":"SearchAction","target":{"@type":"EntryPoint","urlTemplate":"https:\/\/legal-node.es\/es\/?s={search_term_string}"},"query-input":{"@type":"PropertyValueSpecification","valueRequired":true,"valueName":"search_term_string"}}],"inLanguage":"en-US"}]}},"_links":{"self":[{"href":"https:\/\/legal-node.es\/en\/wp-json\/wp\/v2\/pages\/16670","targetHints":{"allow":["GET"]}}],"collection":[{"href":"https:\/\/legal-node.es\/en\/wp-json\/wp\/v2\/pages"}],"about":[{"href":"https:\/\/legal-node.es\/en\/wp-json\/wp\/v2\/types\/page"}],"author":[{"embeddable":true,"href":"https:\/\/legal-node.es\/en\/wp-json\/wp\/v2\/users\/1"}],"replies":[{"embeddable":true,"href":"https:\/\/legal-node.es\/en\/wp-json\/wp\/v2\/comments?post=16670"}],"version-history":[{"count":3,"href":"https:\/\/legal-node.es\/en\/wp-json\/wp\/v2\/pages\/16670\/revisions"}],"predecessor-version":[{"id":17940,"href":"https:\/\/legal-node.es\/en\/wp-json\/wp\/v2\/pages\/16670\/revisions\/17940"}],"wp:attachment":[{"href":"https:\/\/legal-node.es\/en\/wp-json\/wp\/v2\/media?parent=16670"}],"curies":[{"name":"wp","href":"https:\/\/api.w.org\/{rel}","templated":true}]}}